{"id":13,"date":"2017-06-19T11:25:59","date_gmt":"2017-06-19T11:25:59","guid":{"rendered":"https:\/\/salonstudio.me\/pl\/?page_id=13"},"modified":"2024-01-08T08:20:11","modified_gmt":"2024-01-08T08:20:11","slug":"contact","status":"publish","type":"page","link":"https:\/\/salonstudio.me\/pl\/contact\/","title":{"rendered":"Kontakt"},"content":{"rendered":"Zazwyczaj otrzymasz odpowied\u017a w ci\u0105gu 24 godzin po skontaktowaniu si\u0119 z nami. Wszelkie informacje od Ciebie s\u0105 mile widziane. Nie wahaj si\u0119 z nami skontaktowa\u0107!","protected":false},"excerpt":{"rendered":"<p>Zazwyczaj otrzymasz odpowied\u017a w ci\u0105gu 24 godzin po skontaktowaniu si\u0119 z nami. Wszelkie informacje od Ciebie s\u0105 mile widziane. Nie wahaj si\u0119 z nami skontaktowa\u0107!<\/p>\n","protected":false},"author":1,"featured_media":0,"parent":0,"menu_order":0,"comment_status":"closed","ping_status":"closed","template":"contactus.php","meta":[],"_links":{"self":[{"href":"https:\/\/salonstudio.me\/pl\/wp-json\/wp\/v2\/pages\/13"}],"collection":[{"href":"https:\/\/salonstudio.me\/pl\/wp-json\/wp\/v2\/pages"}],"about":[{"href":"https:\/\/salonstudio.me\/pl\/wp-json\/wp\/v2\/types\/page"}],"author":[{"embeddable":true,"href":"https:\/\/salonstudio.me\/pl\/wp-json\/wp\/v2\/users\/1"}],"replies":[{"embeddable":true,"href":"https:\/\/salonstudio.me\/pl\/wp-json\/wp\/v2\/comments?post=13"}],"version-history":[{"count":5,"href":"https:\/\/salonstudio.me\/pl\/wp-json\/wp\/v2\/pages\/13\/revisions"}],"predecessor-version":[{"id":257,"href":"https:\/\/salonstudio.me\/pl\/wp-json\/wp\/v2\/pages\/13\/revisions\/257"}],"wp:attachment":[{"href":"https:\/\/salonstudio.me\/pl\/wp-json\/wp\/v2\/media?parent=13"}],"curies":[{"name":"wp","href":"https:\/\/api.w.org\/{rel}","templated":true}]}}