{"id":128,"date":"2021-02-17T14:23:03","date_gmt":"2021-02-17T14:23:03","guid":{"rendered":"https:\/\/salonstudio.me\/pl?page_id=128"},"modified":"2024-01-08T07:53:45","modified_gmt":"2024-01-08T07:53:45","slug":"gallery","status":"publish","type":"page","link":"https:\/\/salonstudio.me\/pl\/gallery\/","title":{"rendered":"GALERIA"},"content":{"rendered":"\r\n<ul class=\"glTab\">\r\n<li><a href=\"#haircut\">Style w\u0142os\u00f3w<\/a><\/li>\r\n<li><a href=\"#shaving\">Style brody<\/a><\/li>\r\n<\/ul>\r\n<div id=\"haircut\">\r\n<h1>STYLE W\u0141OS\u00d3W<\/h1>\r\n<div class=\"_df_book df-lite\" id=\"df_154\"  data-title=\"shaving\" _slug=\"shaving\" wpoptions=\"true\" thumbtype=\"bg\" ><p class=\"df-raw-loading\">Please wait while flipbook is loading. For more related info, FAQs and issues please refer to <a href=\"https:\/\/wordpress.org\/plugins\/3d-flipbook-dflip-lite\/#installation\">DearFlip WordPress Flipbook Plugin Help<\/a> documentation.<\/p><\/div><script class=\"df-shortcode-script\" type=\"application\/javascript\">window.option_df_154 = {\"webgl\":\"true\",\"height\":\"auto\",\"duration\":800,\"hard\":\"none\",\"direction\":1,\"wpOptions\":\"true\"}; if(window.DFLIP && window.DFLIP.parseBooks){window.DFLIP.parseBooks();}<\/script><\/div>\r\n<div id=\"shaving\">\r\n<h1>STYLE BRODY<\/h1>\r\n<div class=\"_df_book df-lite\" id=\"df_151\"  data-title=\"haircut\" _slug=\"151\" wpoptions=\"true\" thumbtype=\"bg\" ><p class=\"df-raw-loading\">Please wait while flipbook is loading. For more related info, FAQs and issues please refer to <a href=\"https:\/\/wordpress.org\/plugins\/3d-flipbook-dflip-lite\/#installation\">DearFlip WordPress Flipbook Plugin Help<\/a> documentation.<\/p><\/div><script class=\"df-shortcode-script\" type=\"application\/javascript\">window.option_df_151 = {\"webgl\":\"true\",\"height\":\"auto\",\"duration\":800,\"hard\":\"none\",\"direction\":1,\"wpOptions\":\"true\"}; if(window.DFLIP && window.DFLIP.parseBooks){window.DFLIP.parseBooks();}<\/script><\/div>\r\n","protected":false},"excerpt":{"rendered":"<p>Style w\u0142os\u00f3w Style brody STYLE W\u0141OS\u00d3W STYLE BRODY<\/p>\n","protected":false},"author":1,"featured_media":0,"parent":0,"menu_order":0,"comment_status":"closed","ping_status":"closed","template":"","meta":[],"_links":{"self":[{"href":"https:\/\/salonstudio.me\/pl\/wp-json\/wp\/v2\/pages\/128"}],"collection":[{"href":"https:\/\/salonstudio.me\/pl\/wp-json\/wp\/v2\/pages"}],"about":[{"href":"https:\/\/salonstudio.me\/pl\/wp-json\/wp\/v2\/types\/page"}],"author":[{"embeddable":true,"href":"https:\/\/salonstudio.me\/pl\/wp-json\/wp\/v2\/users\/1"}],"replies":[{"embeddable":true,"href":"https:\/\/salonstudio.me\/pl\/wp-json\/wp\/v2\/comments?post=128"}],"version-history":[{"count":22,"href":"https:\/\/salonstudio.me\/pl\/wp-json\/wp\/v2\/pages\/128\/revisions"}],"predecessor-version":[{"id":256,"href":"https:\/\/salonstudio.me\/pl\/wp-json\/wp\/v2\/pages\/128\/revisions\/256"}],"wp:attachment":[{"href":"https:\/\/salonstudio.me\/pl\/wp-json\/wp\/v2\/media?parent=128"}],"curies":[{"name":"wp","href":"https:\/\/api.w.org\/{rel}","templated":true}]}}