{"id":11,"date":"2017-06-19T11:25:14","date_gmt":"2017-06-19T11:25:14","guid":{"rendered":"https:\/\/salonstudio.me\/pl\/?page_id=11"},"modified":"2024-01-08T07:35:38","modified_gmt":"2024-01-08T07:35:38","slug":"about-us","status":"publish","type":"page","link":"https:\/\/salonstudio.me\/pl\/about-us\/","title":{"rendered":"O NAS"},"content":{"rendered":"Salon Studio.me to specjalistyczny salon fryzjerski dla d\u017centelmen\u00f3w o dobrym gu\u015bcie i dla tych, kt\u00f3rzy szukaj\u0105 indyjskiego barber shopu. Dzi\u0119ki naszym brytyjskim wodom kolo\u0144skim i do\u015bwiadczeniu fryzjerskiemu tworzymy fundamenty pewno\u015bci siebie, kt\u00f3rych potrzebuje ka\u017cdy m\u0119\u017cczyzna, aby kroczy\u0107 przez \u017cyciowe przygody dzi\u0119ki indyjskiej fryzurze. Najlepszy salon, w kt\u00f3rym mo\u017cna si\u0119 zrelaksowa\u0107 i poczyta\u0107 interesuj\u0105cy magazyn dla m\u0119\u017cczyzn. Co najlepsze, mo\u017cesz cieszy\u0107 si\u0119 najlepszymi dost\u0119pnymi m\u0119skimi us\u0142ugami fryzjerskimi i piel\u0119gnacyjnymi, kt\u00f3re sprawi\u0105, \u017ce poczujesz si\u0119 jak kr\u00f3l. Us\u0142ugi, kt\u00f3re wykraczaj\u0105 poza strzy\u017cenie dla m\u0119\u017cczyzn, wszystkie wykonywane w \u015brodowisku, kt\u00f3re zapewnia relaks i komfort.","protected":false},"excerpt":{"rendered":"<p>Salon Studio.me to specjalistyczny salon fryzjerski dla d\u017centelmen\u00f3w o dobrym gu\u015bcie i dla tych, kt\u00f3rzy szukaj\u0105 indyjskiego barber shopu. Dzi\u0119ki naszym brytyjskim wodom kolo\u0144skim i do\u015bwiadczeniu fryzjerskiemu tworzymy fundamenty pewno\u015bci siebie, kt\u00f3rych potrzebuje ka\u017cdy m\u0119\u017cczyzna, aby kroczy\u0107 przez \u017cyciowe przygody dzi\u0119ki indyjskiej fryzurze. Najlepszy salon, w kt\u00f3rym mo\u017cna si\u0119 zrelaksowa\u0107 i poczyta\u0107 interesuj\u0105cy magazyn dla [&hellip;]<\/p>\n","protected":false},"author":1,"featured_media":0,"parent":0,"menu_order":0,"comment_status":"closed","ping_status":"closed","template":"About.php","meta":[],"_links":{"self":[{"href":"https:\/\/salonstudio.me\/pl\/wp-json\/wp\/v2\/pages\/11"}],"collection":[{"href":"https:\/\/salonstudio.me\/pl\/wp-json\/wp\/v2\/pages"}],"about":[{"href":"https:\/\/salonstudio.me\/pl\/wp-json\/wp\/v2\/types\/page"}],"author":[{"embeddable":true,"href":"https:\/\/salonstudio.me\/pl\/wp-json\/wp\/v2\/users\/1"}],"replies":[{"embeddable":true,"href":"https:\/\/salonstudio.me\/pl\/wp-json\/wp\/v2\/comments?post=11"}],"version-history":[{"count":18,"href":"https:\/\/salonstudio.me\/pl\/wp-json\/wp\/v2\/pages\/11\/revisions"}],"predecessor-version":[{"id":254,"href":"https:\/\/salonstudio.me\/pl\/wp-json\/wp\/v2\/pages\/11\/revisions\/254"}],"wp:attachment":[{"href":"https:\/\/salonstudio.me\/pl\/wp-json\/wp\/v2\/media?parent=11"}],"curies":[{"name":"wp","href":"https:\/\/api.w.org\/{rel}","templated":true}]}}